{"id":7399,"date":"2021-10-13T15:42:10","date_gmt":"2021-10-13T15:42:10","guid":{"rendered":"https:\/\/hotelsiatel.com\/seminar\/"},"modified":"2023-07-09T14:43:17","modified_gmt":"2023-07-09T14:43:17","slug":"seminar","status":"publish","type":"page","link":"https:\/\/hotelsiatel.com\/en\/seminar\/","title":{"rendered":"Meetings"},"content":{"rendered":"<p>Pr\u00e9c\u00e9dent<br \/>\nSuivant<\/p>\n<h2>Meetings and Events<\/h2>\n<p>For your seminars, workdays, and corporate events in Besan\u00e7on, our hotel offers a conference center with a capacity to accommodate 70 people.<\/p>\n<p><a role=\"button\"><br \/>\nGet a quote<br \/>\n<\/a><\/p>\n<h2>ARE YOU LOOKING FOR A ROOM TO ORGANISE YOUR BUSINESS EVENT?<\/h2>\n<p>Training, Business meetings, Product launches, Open houses, Coaching sessions, Conferences&#8230;.<br \/>\n35 years of professional experience.<\/p>\n<p><img fetchpriority=\"high\" decoding=\"async\" src=\"https:\/\/hotelsiatel.com\/wp-content\/uploads\/2021\/03\/hotelsiatel-seminaire-evenement-04.jpg\" sizes=\"(max-width: 1600px) 100vw, 1600px\" srcset=\"https:\/\/hotelsiatel.com\/wp-content\/uploads\/2021\/03\/hotelsiatel-seminaire-evenement-04.jpg 1600w, https:\/\/hotelsiatel.com\/wp-content\/uploads\/2021\/03\/hotelsiatel-seminaire-evenement-04-300x225.jpg 300w, https:\/\/hotelsiatel.com\/wp-content\/uploads\/2021\/03\/hotelsiatel-seminaire-evenement-04-1024x768.jpg 1024w, https:\/\/hotelsiatel.com\/wp-content\/uploads\/2021\/03\/hotelsiatel-seminaire-evenement-04-768x576.jpg 768w, https:\/\/hotelsiatel.com\/wp-content\/uploads\/2021\/03\/hotelsiatel-seminaire-evenement-04-1536x1152.jpg 1536w, https:\/\/hotelsiatel.com\/wp-content\/uploads\/2021\/03\/hotelsiatel-seminaire-evenement-04-1170x878.jpg 1170w, https:\/\/hotelsiatel.com\/wp-content\/uploads\/2021\/03\/hotelsiatel-seminaire-evenement-04-600x450.jpg 600w\" alt=\"\" width=\"1600\" height=\"1200\" \/><br \/>\n<img decoding=\"async\" src=\"https:\/\/hotelsiatel.com\/wp-content\/uploads\/2021\/03\/hotelsiatel-seminaire-evenement-03-1024x768.jpg\" sizes=\"(max-width: 770px) 100vw, 770px\" srcset=\"https:\/\/hotelsiatel.com\/wp-content\/uploads\/2021\/03\/hotelsiatel-seminaire-evenement-03-1024x768.jpg 1024w, https:\/\/hotelsiatel.com\/wp-content\/uploads\/2021\/03\/hotelsiatel-seminaire-evenement-03-300x225.jpg 300w, https:\/\/hotelsiatel.com\/wp-content\/uploads\/2021\/03\/hotelsiatel-seminaire-evenement-03-768x576.jpg 768w, https:\/\/hotelsiatel.com\/wp-content\/uploads\/2021\/03\/hotelsiatel-seminaire-evenement-03-1536x1152.jpg 1536w, https:\/\/hotelsiatel.com\/wp-content\/uploads\/2021\/03\/hotelsiatel-seminaire-evenement-03-1170x878.jpg 1170w, https:\/\/hotelsiatel.com\/wp-content\/uploads\/2021\/03\/hotelsiatel-seminaire-evenement-03-600x450.jpg 600w, https:\/\/hotelsiatel.com\/wp-content\/uploads\/2021\/03\/hotelsiatel-seminaire-evenement-03.jpg 1600w\" alt=\"\" width=\"770\" height=\"578\" \/><br \/>\n<img decoding=\"async\" src=\"https:\/\/hotelsiatel.com\/wp-content\/uploads\/2021\/03\/hotelsiatel-seminaire-evenement-02-1024x768.jpg\" sizes=\"(max-width: 770px) 100vw, 770px\" srcset=\"https:\/\/hotelsiatel.com\/wp-content\/uploads\/2021\/03\/hotelsiatel-seminaire-evenement-02-1024x768.jpg 1024w, https:\/\/hotelsiatel.com\/wp-content\/uploads\/2021\/03\/hotelsiatel-seminaire-evenement-02-300x225.jpg 300w, https:\/\/hotelsiatel.com\/wp-content\/uploads\/2021\/03\/hotelsiatel-seminaire-evenement-02-768x576.jpg 768w, https:\/\/hotelsiatel.com\/wp-content\/uploads\/2021\/03\/hotelsiatel-seminaire-evenement-02-1536x1152.jpg 1536w, https:\/\/hotelsiatel.com\/wp-content\/uploads\/2021\/03\/hotelsiatel-seminaire-evenement-02-1170x878.jpg 1170w, https:\/\/hotelsiatel.com\/wp-content\/uploads\/2021\/03\/hotelsiatel-seminaire-evenement-02-600x450.jpg 600w, https:\/\/hotelsiatel.com\/wp-content\/uploads\/2021\/03\/hotelsiatel-seminaire-evenement-02.jpg 1600w\" alt=\"\" width=\"770\" height=\"578\" \/><br \/>\nPr\u00e9c\u00e9dent<br \/>\nSuivant<\/p>\n<h2>Co-working and meeting room<\/h2>\n<p><img loading=\"lazy\" decoding=\"async\" src=\"https:\/\/hotelsiatel.com\/wp-content\/uploads\/2021\/03\/meeting-roo-2.png\" sizes=\"(max-width: 512px) 100vw, 512px\" srcset=\"https:\/\/hotelsiatel.com\/wp-content\/uploads\/2021\/03\/meeting-roo-2.png 512w, https:\/\/hotelsiatel.com\/wp-content\/uploads\/2021\/03\/meeting-roo-2-300x300.png 300w, https:\/\/hotelsiatel.com\/wp-content\/uploads\/2021\/03\/meeting-roo-2-150x150.png 150w, https:\/\/hotelsiatel.com\/wp-content\/uploads\/2021\/03\/meeting-roo-2-100x100.png 100w\" alt=\"\" width=\"512\" height=\"512\" \/><\/p>\n<p>Room rental or seminar package<\/p>\n<h2>Reception + Break<\/h2>\n<p><a role=\"button\"><br \/>\nGet a quote<br \/>\n<\/a><\/p>\n","protected":false},"excerpt":{"rendered":"<p>Pr\u00e9c\u00e9dent Suivant Meetings and Events For your seminars, workdays, and corporate events in Besan\u00e7on, our hotel offers a conference center with a capacity to accommodate 70 people. Get a quote ARE YOU LOOKING FOR A ROOM TO ORGANISE YOUR BUSINESS EVENT? Training, Business meetings, Product launches, Open houses, Coaching sessions, Conferences&#8230;. 35 years of professional [&hellip;]<\/p>\n","protected":false},"author":1,"featured_media":0,"parent":0,"menu_order":0,"comment_status":"closed","ping_status":"closed","template":"elementor_header_footer","meta":{"footnotes":""},"class_list":["post-7399","page","type-page","status-publish","hentry"],"_links":{"self":[{"href":"https:\/\/hotelsiatel.com\/en\/wp-json\/wp\/v2\/pages\/7399","targetHints":{"allow":["GET"]}}],"collection":[{"href":"https:\/\/hotelsiatel.com\/en\/wp-json\/wp\/v2\/pages"}],"about":[{"href":"https:\/\/hotelsiatel.com\/en\/wp-json\/wp\/v2\/types\/page"}],"author":[{"embeddable":true,"href":"https:\/\/hotelsiatel.com\/en\/wp-json\/wp\/v2\/users\/1"}],"replies":[{"embeddable":true,"href":"https:\/\/hotelsiatel.com\/en\/wp-json\/wp\/v2\/comments?post=7399"}],"version-history":[{"count":4,"href":"https:\/\/hotelsiatel.com\/en\/wp-json\/wp\/v2\/pages\/7399\/revisions"}],"predecessor-version":[{"id":11846,"href":"https:\/\/hotelsiatel.com\/en\/wp-json\/wp\/v2\/pages\/7399\/revisions\/11846"}],"wp:attachment":[{"href":"https:\/\/hotelsiatel.com\/en\/wp-json\/wp\/v2\/media?parent=7399"}],"curies":[{"name":"wp","href":"https:\/\/api.w.org\/{rel}","templated":true}]}}